{"id":30,"date":"2016-10-26T15:54:53","date_gmt":"2016-10-26T13:54:53","guid":{"rendered":"http:\/\/lebbcomptoir.be\/?page_id=30"},"modified":"2016-10-26T15:54:53","modified_gmt":"2016-10-26T13:54:53","slug":"mentions-legales","status":"publish","type":"page","link":"https:\/\/lebbcomptoir.be\/index.php\/mentions-legales\/","title":{"rendered":"Mentions l\u00e9gales"},"content":{"rendered":"<h1>Mentions l\u00e9gales<\/h1>\n<p>Nom : Le BB Comptoir<br \/>\nSi\u00e8ge social : Route d&rsquo;Ath 138, 7020 Mons &#8211; Belgique<br \/>\nNum\u00e9ro d\u2019entreprise :\u00a0BE0649852488<\/p>\n<p>&nbsp;<\/p>\n<p style=\"text-align: justify;\">Nous garantissons la confidentialit\u00e9 de vos donn\u00e9es. Les informations recueillies ne sont pas communiqu\u00e9es ou revendues \u00e0 des tiers.Conform\u00e9ment \u00e0 la loi Informatique et Libert\u00e9s du 6 janvier 1978, vous disposez d&rsquo;un droit d&rsquo;acc\u00e8s et de rectification des donn\u00e9es vous concernant. Pour exercer ces droits, envoyez simplement un e-mail indiquant vos nom, pr\u00e9nom et adresse \u00e0 lebbcomptoir@gmail.com.<\/p>\n<p style=\"text-align: justify;\">Le nom Le BB Comptoir et son logo est une marque d\u00e9pos\u00e9e en 2016. Ce site est propuls\u00e9 par wordpress. Le th\u00e8me utilis\u00e9 est MAKE et le design a \u00e9t\u00e9 r\u00e9alis\u00e9 par le BB Comptoir. Les photos et le contenu figurant sur ce site sont prot\u00e9g\u00e9s par le code de la propri\u00e9t\u00e9 intellectuelle. Toute copie ou reproduction d&rsquo;une photo ou du contenu pour une utilisation commerciale ou personnelle sans autorisation est illicite. Ce site ainsi que son nom de domaine sont h\u00e9berg\u00e9s par la soci\u00e9t\u00e9 OVH.<\/p>\n","protected":false},"excerpt":{"rendered":"<p>Mentions l\u00e9gales Nom : Le BB Comptoir Si\u00e8ge social : Route d&rsquo;Ath 138, 7020 Mons &#8211; Belgique Num\u00e9ro d\u2019entreprise :\u00a0BE0649852488 &nbsp; Nous garantissons la confidentialit\u00e9 de vos donn\u00e9es. Les informations recueillies ne sont pas communiqu\u00e9es ou revendues \u00e0 des tiers.Conform\u00e9ment \u00e0 la loi Informatique et Libert\u00e9s du 6 janvier 1978, vous disposez d&rsquo;un droit d&rsquo;acc\u00e8s &hellip;<\/p>\n","protected":false},"author":2,"featured_media":0,"parent":0,"menu_order":0,"comment_status":"closed","ping_status":"closed","template":"","meta":{"_mi_skip_tracking":false,"footnotes":""},"class_list":["post-30","page","type-page","status-publish","hentry"],"_links":{"self":[{"href":"https:\/\/lebbcomptoir.be\/index.php\/wp-json\/wp\/v2\/pages\/30","targetHints":{"allow":["GET"]}}],"collection":[{"href":"https:\/\/lebbcomptoir.be\/index.php\/wp-json\/wp\/v2\/pages"}],"about":[{"href":"https:\/\/lebbcomptoir.be\/index.php\/wp-json\/wp\/v2\/types\/page"}],"author":[{"embeddable":true,"href":"https:\/\/lebbcomptoir.be\/index.php\/wp-json\/wp\/v2\/users\/2"}],"replies":[{"embeddable":true,"href":"https:\/\/lebbcomptoir.be\/index.php\/wp-json\/wp\/v2\/comments?post=30"}],"version-history":[{"count":1,"href":"https:\/\/lebbcomptoir.be\/index.php\/wp-json\/wp\/v2\/pages\/30\/revisions"}],"predecessor-version":[{"id":31,"href":"https:\/\/lebbcomptoir.be\/index.php\/wp-json\/wp\/v2\/pages\/30\/revisions\/31"}],"wp:attachment":[{"href":"https:\/\/lebbcomptoir.be\/index.php\/wp-json\/wp\/v2\/media?parent=30"}],"curies":[{"name":"wp","href":"https:\/\/api.w.org\/{rel}","templated":true}]}}